{"id":147,"date":"2022-02-01T15:10:56","date_gmt":"2022-02-01T14:10:56","guid":{"rendered":"https:\/\/vulg-art.com\/?page_id=147"},"modified":"2022-05-01T15:38:24","modified_gmt":"2022-05-01T13:38:24","slug":"nos-travaux","status":"publish","type":"page","link":"https:\/\/vulg-art.com\/index.php\/nos-travaux\/","title":{"rendered":"Nos travaux"},"content":{"rendered":"\n<h5 class=\"has-text-align-center has-primary-color has-text-color\"><em> \u00c0 la d\u00e9couverte de toutes les activit\u00e9s entourant le projet associatif de Vulg&rsquo;Art. <\/em><\/h5>\n\n\n\n<div class=\"wp-block-columns alignwide has-primary-color has-text-color has-background\" style=\"background-color:#ffffff\">\n<div class=\"wp-block-column\">\n<figure class=\"wp-block-image size-full\"><img src=\"https:\/\/i0.wp.com\/vulg-art.com\/wp-content\/themes\/twentytwenty\/assets\/images\/2020-three-quarters-1.png?w=1170&#038;ssl=1\" alt=\"Rectangles abstraits\" data-recalc-dims=\"1\"\/><\/figure>\n\n\n\n<h2>Articles<\/h2>\n\n\n\n<p style=\"font-size:25px\">Des articles vari\u00e9s et riches<\/p>\n\n\n\n<div class=\"wp-block-button alignleft is-style-outline\"><a class=\"wp-block-button__link\" href=\"https:\/\/vulg-art.com\/index.php\/articles\/\">En D\u00c9COUVRIR plus<\/a><\/div>\n<\/div>\n\n\n\n<div class=\"wp-block-column\">\n<figure class=\"wp-block-image size-full\"><img src=\"https:\/\/i0.wp.com\/vulg-art.com\/wp-content\/themes\/twentytwenty\/assets\/images\/2020-three-quarters-2.png?w=1170&#038;ssl=1\" alt=\"Rectangles abstraits\" data-recalc-dims=\"1\"\/><\/figure>\n\n\n\n<h2>\u00c9v\u00e8nements<\/h2>\n\n\n\n<p style=\"font-size:25px\">Nos derniers \u00e9v\u00e8nements en date <\/p>\n\n\n\n<div class=\"wp-block-button alignleft is-style-outline\"><a class=\"wp-block-button__link\" href=\"https:\/\/vulg-art.com\/index.php\/travaux\/\">En D\u00c9COUVRIR plus<\/a><\/div>\n<\/div>\n<\/div>\n\n\n\n<div style=\"height:70px\" aria-hidden=\"true\" class=\"wp-block-spacer\"><\/div>\n\n\n\n<div class=\"wp-block-columns alignfull\">\n<div class=\"wp-block-column\">\n<div id=\"sb_instagram\" class=\"sbi sbi_col_3  sbi_width_resp\" style=\"padding-bottom: 10px;background-color: rgb(255,255,255);width: 80%;height: 100%;\" data-feedid=\"sbi_17841417965339205#3\" data-res=\"auto\" data-cols=\"3\" data-num=\"3\" data-shortcode-atts=\"{}\"  data-postid=\"147\" data-locatornonce=\"60f2885b4c\" data-sbi-flags=\"favorLocal,gdpr\">\n\t\n\t<div id=\"sbi_images\" style=\"padding: 5px;\">\n\t\t\t<\/div>\n\n\t<div id=\"sbi_load\">\n\n\t\n\t    <span class=\"sbi_follow_btn\">\n        <a href=\"https:\/\/www.instagram.com\/17841417965339205\/\" target=\"_blank\" rel=\"noopener nofollow\"><svg class=\"svg-inline--fa fa-instagram fa-w-14\" aria-hidden=\"true\" data-fa-processed=\"\" aria-label=\"Instagram\" data-prefix=\"fab\" data-icon=\"instagram\" role=\"img\" viewBox=\"0 0 448 512\">\n\t                <path fill=\"currentColor\" d=\"M224.1 141c-63.6 0-114.9 51.3-114.9 114.9s51.3 114.9 114.9 114.9S339 319.5 339 255.9 287.7 141 224.1 141zm0 189.6c-41.1 0-74.7-33.5-74.7-74.7s33.5-74.7 74.7-74.7 74.7 33.5 74.7 74.7-33.6 74.7-74.7 74.7zm146.4-194.3c0 14.9-12 26.8-26.8 26.8-14.9 0-26.8-12-26.8-26.8s12-26.8 26.8-26.8 26.8 12 26.8 26.8zm76.1 27.2c-1.7-35.9-9.9-67.7-36.2-93.9-26.2-26.2-58-34.4-93.9-36.2-37-2.1-147.9-2.1-184.9 0-35.8 1.7-67.6 9.9-93.9 36.1s-34.4 58-36.2 93.9c-2.1 37-2.1 147.9 0 184.9 1.7 35.9 9.9 67.7 36.2 93.9s58 34.4 93.9 36.2c37 2.1 147.9 2.1 184.9 0 35.9-1.7 67.7-9.9 93.9-36.2 26.2-26.2 34.4-58 36.2-93.9 2.1-37 2.1-147.8 0-184.8zM398.8 388c-7.8 19.6-22.9 34.7-42.6 42.6-29.5 11.7-99.5 9-132.1 9s-102.7 2.6-132.1-9c-19.6-7.8-34.7-22.9-42.6-42.6-11.7-29.5-9-99.5-9-132.1s-2.6-102.7 9-132.1c7.8-19.6 22.9-34.7 42.6-42.6 29.5-11.7 99.5-9 132.1-9s102.7-2.6 132.1 9c19.6 7.8 34.7 22.9 42.6 42.6 11.7 29.5 9 99.5 9 132.1s2.7 102.7-9 132.1z\"><\/path>\n\t            <\/svg>Suivre sur Instagram<\/a>\n    <\/span>\n\t\n<\/div>\n\n\t\t<span class=\"sbi_resized_image_data\" data-feed-id=\"sbi_17841417965339205#3\" data-resized=\"[]\">\n\t<\/span>\n\t<\/div>\n\n<\/div>\n<\/div>\n\n\n\n<p><\/p>\n","protected":false},"excerpt":{"rendered":"<p>\u00c0 la d\u00e9couverte de toutes les activit\u00e9s entourant le projet associatif de [&hellip;]<\/p>\n","protected":false},"author":1,"featured_media":412,"parent":0,"menu_order":0,"comment_status":"closed","ping_status":"closed","template":"elementor_header_footer","meta":{"spay_email":""},"jetpack-related-posts":[{"id":22,"url":"https:\/\/vulg-art.com\/index.php\/a-propos-de\/","url_meta":{"origin":147,"position":0},"title":"Voici la petite histoire de Vulg&rsquo;Art Association","date":"18 janvier 2022","format":false,"excerpt":"Commen\u00e7ons par les pr\u00e9mices avec l'id\u00e9e qui a \u00e9merg\u00e9 pour cr\u00e9er cette association. En premier lieu, c'est en travaillant comme gardien de mus\u00e9e que nous avons l'envie de cr\u00e9er des memes avec les \u0153uvres que nous surveillions. La grande vague de Kanagawa Ces petits montages ont fait bonne impression dans\u2026","rel":"","context":"Article similaire","img":{"alt_text":"","src":"https:\/\/i0.wp.com\/vulg-art.com\/wp-content\/uploads\/2022\/01\/the-creation-of-adam-4889767_960_720.jpg?fit=960%2C492&ssl=1&resize=350%2C200","width":350,"height":200},"classes":[]},{"id":206,"url":"https:\/\/vulg-art.com\/index.php\/mentions-legales\/","url_meta":{"origin":147,"position":1},"title":"Mentions l\u00e9gales","date":"4 f\u00e9vrier 2022","format":false,"excerpt":"1. Pr\u00e9sentation du site et description des services fournis. Ce site est normalement accessible \u00e0 tout moment aux utilisateurs. Une interruption pour raison de maintenance technique peut \u00eatre toutefois d\u00e9cid\u00e9e par Vulg'Art, qui s\u2019efforcera alors de communiquer pr\u00e9alablement aux utilisateurs les dates et heures de l\u2019intervention. De la m\u00eame fa\u00e7on,\u2026","rel":"","context":"Article similaire","img":{"alt_text":"","src":"","width":0,"height":0},"classes":[]},{"id":21,"url":"https:\/\/vulg-art.com\/","url_meta":{"origin":147,"position":2},"title":"La premi\u00e8re destination pour retrouver\u2026","date":"18 janvier 2022","format":false,"excerpt":"La premi\u00e8re destination pour retrouver de la vulgarisation artistique et culturelle ! Qui sommes-nous ? Le projet Vulg'Art a pour objectif de promouvoir l'art et la culture au plus grand nombre et\u00a0 avec plusieurs biais. Nous avons \u00e0 c\u0153ur de d\u00e9mystifier le monde de la culture aupr\u00e8s de publics qui\u2026","rel":"","context":"Article similaire","img":{"alt_text":"","src":"https:\/\/i0.wp.com\/vulg-art.com\/wp-content\/uploads\/2022\/05\/Logo-VulgArt-Officiel-1.png?resize=350%2C200&ssl=1","width":350,"height":200},"classes":[]},{"id":57,"url":"https:\/\/vulg-art.com\/index.php\/membres-partenaires\/","url_meta":{"origin":147,"position":3},"title":"Partenaires","date":"21 janvier 2022","format":false,"excerpt":"Voici l'ensemble des partenaires avec qui Vulg'Art a eu la chance de travailler : Groupe circassien Eklabul Ch\u00e2teau mus\u00e9e de Dieppe Mus\u00e9e de l'ivoire Yvetot Costumi\u00e8re Emma","rel":"","context":"Article similaire","img":{"alt_text":"","src":"https:\/\/i0.wp.com\/vulg-art.com\/wp-content\/uploads\/2022\/03\/Carte-de-visite-6.png?fit=1200%2C686&ssl=1&resize=350%2C200","width":350,"height":200},"classes":[]},{"id":24,"url":"https:\/\/vulg-art.com\/index.php\/articles\/","url_meta":{"origin":147,"position":4},"title":"Articles","date":"18 janvier 2022","format":false,"excerpt":"Nous n'avons malheureusement pas encore d'articles \u00e0 vous proposer.","rel":"","context":"Article similaire","img":{"alt_text":"","src":"https:\/\/i0.wp.com\/vulg-art.com\/wp-content\/uploads\/2022\/02\/274945325_500712291396014_6460045572716981025_n.png?resize=350%2C200&ssl=1","width":350,"height":200},"classes":[]},{"id":3,"url":"https:\/\/vulg-art.com\/index.php\/politique-de-confidentialite\/","url_meta":{"origin":147,"position":5},"title":"Politique de confidentialit\u00e9","date":"18 janvier 2022","format":false,"excerpt":"Qui sommes-nous\u00a0? L\u2019adresse de notre site Web est\u00a0: http:\/\/vulg-art.com. Utilisation des donn\u00e9es personnelles collect\u00e9es Commentaires Quand vous laissez un commentaire sur notre site web, les donn\u00e9es inscrites dans le formulaire de commentaire, mais aussi votre adresse IP et l\u2019agent utilisateur de votre navigateur sont collect\u00e9s pour nous aider \u00e0 la\u2026","rel":"","context":"Article similaire","img":{"alt_text":"","src":"","width":0,"height":0},"classes":[]}],"_links":{"self":[{"href":"https:\/\/vulg-art.com\/index.php\/wp-json\/wp\/v2\/pages\/147"}],"collection":[{"href":"https:\/\/vulg-art.com\/index.php\/wp-json\/wp\/v2\/pages"}],"about":[{"href":"https:\/\/vulg-art.com\/index.php\/wp-json\/wp\/v2\/types\/page"}],"author":[{"embeddable":true,"href":"https:\/\/vulg-art.com\/index.php\/wp-json\/wp\/v2\/users\/1"}],"replies":[{"embeddable":true,"href":"https:\/\/vulg-art.com\/index.php\/wp-json\/wp\/v2\/comments?post=147"}],"version-history":[{"count":19,"href":"https:\/\/vulg-art.com\/index.php\/wp-json\/wp\/v2\/pages\/147\/revisions"}],"predecessor-version":[{"id":606,"href":"https:\/\/vulg-art.com\/index.php\/wp-json\/wp\/v2\/pages\/147\/revisions\/606"}],"wp:featuredmedia":[{"embeddable":true,"href":"https:\/\/vulg-art.com\/index.php\/wp-json\/wp\/v2\/media\/412"}],"wp:attachment":[{"href":"https:\/\/vulg-art.com\/index.php\/wp-json\/wp\/v2\/media?parent=147"}],"curies":[{"name":"wp","href":"https:\/\/api.w.org\/{rel}","templated":true}]}}