{"id":21,"date":"2022-01-18T22:32:05","date_gmt":"2022-01-18T21:32:05","guid":{"rendered":"http:\/\/vulg-art.com\/?page_id=21"},"modified":"2022-12-17T13:10:51","modified_gmt":"2022-12-17T12:10:51","slug":"le-nouveau-e-mucem-ouvre-ses-portes-2","status":"publish","type":"page","link":"https:\/\/vulg-art.com\/","title":{"rendered":""},"content":{"rendered":"\n<div class=\"wp-block-image\"><figure class=\"aligncenter size-large is-resized\"><img loading=\"lazy\" src=\"https:\/\/i0.wp.com\/vulg-art.com\/wp-content\/uploads\/2022\/05\/Logo-VulgArt-Officiel-1-1024x325.png?resize=669%2C212&#038;ssl=1\" alt=\"\" class=\"wp-image-629\" width=\"669\" height=\"212\" srcset=\"https:\/\/i0.wp.com\/vulg-art.com\/wp-content\/uploads\/2022\/05\/Logo-VulgArt-Officiel-1.png?resize=1024%2C325&amp;ssl=1 1024w, https:\/\/i0.wp.com\/vulg-art.com\/wp-content\/uploads\/2022\/05\/Logo-VulgArt-Officiel-1.png?resize=300%2C95&amp;ssl=1 300w, https:\/\/i0.wp.com\/vulg-art.com\/wp-content\/uploads\/2022\/05\/Logo-VulgArt-Officiel-1.png?resize=768%2C243&amp;ssl=1 768w, https:\/\/i0.wp.com\/vulg-art.com\/wp-content\/uploads\/2022\/05\/Logo-VulgArt-Officiel-1.png?resize=1536%2C487&amp;ssl=1 1536w, https:\/\/i0.wp.com\/vulg-art.com\/wp-content\/uploads\/2022\/05\/Logo-VulgArt-Officiel-1.png?resize=2048%2C649&amp;ssl=1 2048w, https:\/\/i0.wp.com\/vulg-art.com\/wp-content\/uploads\/2022\/05\/Logo-VulgArt-Officiel-1.png?resize=920%2C292&amp;ssl=1 920w, https:\/\/i0.wp.com\/vulg-art.com\/wp-content\/uploads\/2022\/05\/Logo-VulgArt-Officiel-1.png?resize=230%2C73&amp;ssl=1 230w, https:\/\/i0.wp.com\/vulg-art.com\/wp-content\/uploads\/2022\/05\/Logo-VulgArt-Officiel-1.png?resize=350%2C111&amp;ssl=1 350w, https:\/\/i0.wp.com\/vulg-art.com\/wp-content\/uploads\/2022\/05\/Logo-VulgArt-Officiel-1.png?resize=480%2C152&amp;ssl=1 480w, https:\/\/i0.wp.com\/vulg-art.com\/wp-content\/uploads\/2022\/05\/Logo-VulgArt-Officiel-1.png?w=2340 2340w, https:\/\/i0.wp.com\/vulg-art.com\/wp-content\/uploads\/2022\/05\/Logo-VulgArt-Officiel-1.png?w=3510 3510w\" sizes=\"(max-width: 669px) 100vw, 669px\" data-recalc-dims=\"1\" \/><\/figure><\/div>\n\n\n\n<div class=\"wp-block-group alignwide\"><div class=\"wp-block-group__inner-container\">\n<h3 class=\"has-text-align-center\">La premi\u00e8re destination pour retrouver de la vulgarisation artistique et culturelle ! <\/h3>\n<\/div><\/div>\n\n\n\n<div style=\"height:30px\" aria-hidden=\"true\" class=\"wp-block-spacer\"><\/div>\n\n\n\n<hr class=\"wp-block-separator is-style-dots\"\/>\n\n\n\n<div style=\"height:30px\" aria-hidden=\"true\" class=\"wp-block-spacer\"><\/div>\n\n\n\n<h3 class=\"has-text-align-center\">Qui sommes-nous ?<\/h3>\n\n\n\n<p class=\"has-text-align-justify\"><em><span class=\"has-inline-color has-black-color\">Le projet Vulg&rsquo;Art a pour objectif de promouvoir l&rsquo;art et la culture au plus grand nombre et\u00a0 avec plusieurs biais. Nous avons \u00e0 c\u0153ur de d\u00e9mystifier le monde de la culture aupr\u00e8s de publics qui se sentent g\u00e9n\u00e9ralement \u00e9cart\u00e9s de ce milieu, qu&rsquo;ils peuvent consid\u00e9rer comme \u00e9litiste. Nous essayons \u00e9galement de montrer que l&rsquo;art et la culture peuvent na\u00eetre de partout et existent m\u00eame dans les milieux les plus d\u00e9favoris\u00e9s.<\/span><\/em><\/p>\n\n\n\n<div style=\"height:57px\" aria-hidden=\"true\" class=\"wp-block-spacer\"><\/div>\n\n\n\n<div class=\"wp-block-group has-background\" style=\"background-color:#f7f7f7\"><div class=\"wp-block-group__inner-container\">\n<h1 class=\"has-text-align-center has-accent-color has-text-color\">Nos derniers articles <\/h1>\n\n\n\n<div class=\"wp-block-columns alignwide\">\n<div class=\"wp-block-column\">\n<div class=\"wp-block-group\"><div class=\"wp-block-group__inner-container\">\n<div class=\"wp-block-image\"><figure class=\"aligncenter size-full is-resized\"><img loading=\"lazy\" src=\"https:\/\/i0.wp.com\/vulg-art.com\/wp-content\/uploads\/2022\/05\/Fiche-perso-site-web-1024-\u00d7-512-px-1.png?resize=506%2C250&#038;ssl=1\" alt=\"\" class=\"wp-image-620\" width=\"506\" height=\"250\" srcset=\"https:\/\/i0.wp.com\/vulg-art.com\/wp-content\/uploads\/2022\/05\/Fiche-perso-site-web-1024-\u00d7-512-px-1.png?resize=230%2C115&amp;ssl=1 230w, https:\/\/i0.wp.com\/vulg-art.com\/wp-content\/uploads\/2022\/05\/Fiche-perso-site-web-1024-\u00d7-512-px-1.png?zoom=2&amp;resize=506%2C250 1012w\" sizes=\"(max-width: 506px) 100vw, 506px\" data-recalc-dims=\"1\" \/><\/figure><\/div>\n\n\n\n<h3>Article n\u00b01<\/h3>\n\n\n<ul class=\"wp-block-latest-posts__list has-dates wp-block-latest-posts\"><li><a href=\"https:\/\/vulg-art.com\/index.php\/2022\/05\/08\/fountain-marcel-duchamp\/\">Fountain &#8211; Marcel Duchamp<\/a><time datetime=\"2022-05-08T14:37:04+02:00\" class=\"wp-block-latest-posts__post-date\">8 mai 2022<\/time><\/li>\n<\/ul>\n\n\n<div class=\"wp-block-button is-style-outline\"><a class=\"wp-block-button__link\" href=\"https:\/\/vulg-art.com\/index.php\/articles\/\">Lire la suite<\/a><\/div>\n<\/div><\/div>\n<\/div>\n\n\n\n<div class=\"wp-block-column\">\n<div class=\"wp-block-group\"><div class=\"wp-block-group__inner-container\">\n<div class=\"wp-block-image\"><figure class=\"aligncenter size-full is-resized\"><img loading=\"lazy\" src=\"https:\/\/i0.wp.com\/vulg-art.com\/wp-content\/uploads\/2022\/02\/4-8.png?resize=250%2C250&#038;ssl=1\" alt=\"\" class=\"wp-image-328\" width=\"250\" height=\"250\" srcset=\"https:\/\/i0.wp.com\/vulg-art.com\/wp-content\/uploads\/2022\/02\/4-8.png?w=500&amp;ssl=1 500w, https:\/\/i0.wp.com\/vulg-art.com\/wp-content\/uploads\/2022\/02\/4-8.png?resize=300%2C300&amp;ssl=1 300w, https:\/\/i0.wp.com\/vulg-art.com\/wp-content\/uploads\/2022\/02\/4-8.png?resize=150%2C150&amp;ssl=1 150w\" sizes=\"(max-width: 250px) 100vw, 250px\" data-recalc-dims=\"1\" \/><\/figure><\/div>\n\n\n\n<h3>Article n\u00b02<\/h3>\n\n\n<ul class=\"wp-block-latest-posts__list has-dates wp-block-latest-posts\"><li><a href=\"https:\/\/vulg-art.com\/index.php\/2022\/05\/01\/abraham-poincheval\/\">Abraham Poincheval<\/a><time datetime=\"2022-05-01T15:30:55+02:00\" class=\"wp-block-latest-posts__post-date\">1 mai 2022<\/time><\/li>\n<\/ul>\n\n\n<div class=\"wp-block-button is-style-outline\"><a class=\"wp-block-button__link\" href=\"https:\/\/vulg-art.com\/index.php\/articles\/\">Lire la suite<\/a><\/div>\n<\/div><\/div>\n<\/div>\n<\/div>\n\n\n\n<p><\/p>\n<\/div><\/div>\n\n\n\n<div class=\"wp-block-group alignwide\"><div class=\"wp-block-group__inner-container\">\n<div style=\"height:100px\" aria-hidden=\"true\" class=\"wp-block-spacer\"><\/div>\n<\/div><\/div>\n\n\n\n<h1 class=\"has-text-align-center has-accent-color has-text-color\"> L&rsquo;actualit\u00e9 sur nos r\u00e9seaux <\/h1>\n\n\n\n<ul class=\"wp-block-social-links aligncenter has-normal-icon-size items-justified-center is-style-pill-shape\"><li class=\"wp-social-link wp-social-link-facebook wp-block-social-link\"><a href=\"https:\/\/www.facebook.com\/Vulg4rt\" aria-label=\"Facebook\u00a0: https:\/\/www.facebook.com\/Vulg4rt\" rel=\"noopener nofollow\" target=\"_blank\" class=\"wp-block-social-link-anchor\"> <svg width=\"24\" height=\"24\" viewBox=\"0 0 24 24\" version=\"1.1\" xmlns=\"http:\/\/www.w3.org\/2000\/svg\" role=\"img\" aria-hidden=\"true\" focusable=\"false\"><path d=\"M12 2C6.5 2 2 6.5 2 12c0 5 3.7 9.1 8.4 9.9v-7H7.9V12h2.5V9.8c0-2.5 1.5-3.9 3.8-3.9 1.1 0 2.2.2 2.2.2v2.5h-1.3c-1.2 0-1.6.8-1.6 1.6V12h2.8l-.4 2.9h-2.3v7C18.3 21.1 22 17 22 12c0-5.5-4.5-10-10-10z\"><\/path><\/svg><\/a><\/li>\n\n<li class=\"wp-social-link wp-social-link-instagram wp-block-social-link\"><a href=\"https:\/\/www.instagram.com\/vulgart_officiel\/\" aria-label=\"Instagram\u00a0: https:\/\/www.instagram.com\/vulgart_officiel\/\" rel=\"noopener nofollow\" target=\"_blank\" class=\"wp-block-social-link-anchor\"> <svg width=\"24\" height=\"24\" viewBox=\"0 0 24 24\" version=\"1.1\" xmlns=\"http:\/\/www.w3.org\/2000\/svg\" role=\"img\" aria-hidden=\"true\" focusable=\"false\"><path d=\"M12,4.622c2.403,0,2.688,0.009,3.637,0.052c0.877,0.04,1.354,0.187,1.671,0.31c0.42,0.163,0.72,0.358,1.035,0.673 c0.315,0.315,0.51,0.615,0.673,1.035c0.123,0.317,0.27,0.794,0.31,1.671c0.043,0.949,0.052,1.234,0.052,3.637 s-0.009,2.688-0.052,3.637c-0.04,0.877-0.187,1.354-0.31,1.671c-0.163,0.42-0.358,0.72-0.673,1.035 c-0.315,0.315-0.615,0.51-1.035,0.673c-0.317,0.123-0.794,0.27-1.671,0.31c-0.949,0.043-1.233,0.052-3.637,0.052 s-2.688-0.009-3.637-0.052c-0.877-0.04-1.354-0.187-1.671-0.31c-0.42-0.163-0.72-0.358-1.035-0.673 c-0.315-0.315-0.51-0.615-0.673-1.035c-0.123-0.317-0.27-0.794-0.31-1.671C4.631,14.688,4.622,14.403,4.622,12 s0.009-2.688,0.052-3.637c0.04-0.877,0.187-1.354,0.31-1.671c0.163-0.42,0.358-0.72,0.673-1.035 c0.315-0.315,0.615-0.51,1.035-0.673c0.317-0.123,0.794-0.27,1.671-0.31C9.312,4.631,9.597,4.622,12,4.622 M12,3 C9.556,3,9.249,3.01,8.289,3.054C7.331,3.098,6.677,3.25,6.105,3.472C5.513,3.702,5.011,4.01,4.511,4.511 c-0.5,0.5-0.808,1.002-1.038,1.594C3.25,6.677,3.098,7.331,3.054,8.289C3.01,9.249,3,9.556,3,12c0,2.444,0.01,2.751,0.054,3.711 c0.044,0.958,0.196,1.612,0.418,2.185c0.23,0.592,0.538,1.094,1.038,1.594c0.5,0.5,1.002,0.808,1.594,1.038 c0.572,0.222,1.227,0.375,2.185,0.418C9.249,20.99,9.556,21,12,21s2.751-0.01,3.711-0.054c0.958-0.044,1.612-0.196,2.185-0.418 c0.592-0.23,1.094-0.538,1.594-1.038c0.5-0.5,0.808-1.002,1.038-1.594c0.222-0.572,0.375-1.227,0.418-2.185 C20.99,14.751,21,14.444,21,12s-0.01-2.751-0.054-3.711c-0.044-0.958-0.196-1.612-0.418-2.185c-0.23-0.592-0.538-1.094-1.038-1.594 c-0.5-0.5-1.002-0.808-1.594-1.038c-0.572-0.222-1.227-0.375-2.185-0.418C14.751,3.01,14.444,3,12,3L12,3z M12,7.378 c-2.552,0-4.622,2.069-4.622,4.622S9.448,16.622,12,16.622s4.622-2.069,4.622-4.622S14.552,7.378,12,7.378z M12,15 c-1.657,0-3-1.343-3-3s1.343-3,3-3s3,1.343,3,3S13.657,15,12,15z M16.804,6.116c-0.596,0-1.08,0.484-1.08,1.08 s0.484,1.08,1.08,1.08c0.596,0,1.08-0.484,1.08-1.08S17.401,6.116,16.804,6.116z\"><\/path><\/svg><\/a><\/li>\n\n<li class=\"wp-social-link wp-social-link-twitter wp-block-social-link\"><a href=\"https:\/\/twitter.com\/VulgArt_Off\" aria-label=\"Twitter\u00a0: https:\/\/twitter.com\/VulgArt_Off\" rel=\"noopener nofollow\" target=\"_blank\" class=\"wp-block-social-link-anchor\"> <svg width=\"24\" height=\"24\" viewBox=\"0 0 24 24\" version=\"1.1\" xmlns=\"http:\/\/www.w3.org\/2000\/svg\" role=\"img\" aria-hidden=\"true\" focusable=\"false\"><path d=\"M22.23,5.924c-0.736,0.326-1.527,0.547-2.357,0.646c0.847-0.508,1.498-1.312,1.804-2.27 c-0.793,0.47-1.671,0.812-2.606,0.996C18.324,4.498,17.257,4,16.077,4c-2.266,0-4.103,1.837-4.103,4.103 c0,0.322,0.036,0.635,0.106,0.935C8.67,8.867,5.647,7.234,3.623,4.751C3.27,5.357,3.067,6.062,3.067,6.814 c0,1.424,0.724,2.679,1.825,3.415c-0.673-0.021-1.305-0.206-1.859-0.513c0,0.017,0,0.034,0,0.052c0,1.988,1.414,3.647,3.292,4.023 c-0.344,0.094-0.707,0.144-1.081,0.144c-0.264,0-0.521-0.026-0.772-0.074c0.522,1.63,2.038,2.816,3.833,2.85 c-1.404,1.1-3.174,1.756-5.096,1.756c-0.331,0-0.658-0.019-0.979-0.057c1.816,1.164,3.973,1.843,6.29,1.843 c7.547,0,11.675-6.252,11.675-11.675c0-0.178-0.004-0.355-0.012-0.531C20.985,7.47,21.68,6.747,22.23,5.924z\"><\/path><\/svg><\/a><\/li><\/ul>\n\n\n\n<div id=\"sb_instagram\" class=\"sbi sbi_col_3  sbi_width_resp\" style=\"padding-bottom: 10px;background-color: rgb(255,255,255);width: 80%;height: 100%;\" data-feedid=\"sbi_17841417965339205#3\" data-res=\"auto\" data-cols=\"3\" data-num=\"3\" data-shortcode-atts=\"{}\"  data-postid=\"21\" data-locatornonce=\"b2d7028328\" data-sbi-flags=\"favorLocal,gdpr\">\n\t\n\t<div id=\"sbi_images\" style=\"padding: 5px;\">\n\t\t\t<\/div>\n\n\t<div id=\"sbi_load\">\n\n\t\n\t    <span class=\"sbi_follow_btn\">\n        <a href=\"https:\/\/www.instagram.com\/17841417965339205\/\" target=\"_blank\" rel=\"noopener nofollow\"><svg class=\"svg-inline--fa fa-instagram fa-w-14\" aria-hidden=\"true\" data-fa-processed=\"\" aria-label=\"Instagram\" data-prefix=\"fab\" data-icon=\"instagram\" role=\"img\" viewBox=\"0 0 448 512\">\n\t                <path fill=\"currentColor\" d=\"M224.1 141c-63.6 0-114.9 51.3-114.9 114.9s51.3 114.9 114.9 114.9S339 319.5 339 255.9 287.7 141 224.1 141zm0 189.6c-41.1 0-74.7-33.5-74.7-74.7s33.5-74.7 74.7-74.7 74.7 33.5 74.7 74.7-33.6 74.7-74.7 74.7zm146.4-194.3c0 14.9-12 26.8-26.8 26.8-14.9 0-26.8-12-26.8-26.8s12-26.8 26.8-26.8 26.8 12 26.8 26.8zm76.1 27.2c-1.7-35.9-9.9-67.7-36.2-93.9-26.2-26.2-58-34.4-93.9-36.2-37-2.1-147.9-2.1-184.9 0-35.8 1.7-67.6 9.9-93.9 36.1s-34.4 58-36.2 93.9c-2.1 37-2.1 147.9 0 184.9 1.7 35.9 9.9 67.7 36.2 93.9s58 34.4 93.9 36.2c37 2.1 147.9 2.1 184.9 0 35.9-1.7 67.7-9.9 93.9-36.2 26.2-26.2 34.4-58 36.2-93.9 2.1-37 2.1-147.8 0-184.8zM398.8 388c-7.8 19.6-22.9 34.7-42.6 42.6-29.5 11.7-99.5 9-132.1 9s-102.7 2.6-132.1-9c-19.6-7.8-34.7-22.9-42.6-42.6-11.7-29.5-9-99.5-9-132.1s-2.6-102.7 9-132.1c7.8-19.6 22.9-34.7 42.6-42.6 29.5-11.7 99.5-9 132.1-9s102.7-2.6 132.1 9c19.6 7.8 34.7 22.9 42.6 42.6 11.7 29.5 9 99.5 9 132.1s2.7 102.7-9 132.1z\"><\/path>\n\t            <\/svg>Suivre sur Instagram<\/a>\n    <\/span>\n\t\n<\/div>\n\n\t\t<span class=\"sbi_resized_image_data\" data-feed-id=\"sbi_17841417965339205#3\" data-resized=\"[]\">\n\t<\/span>\n\t<\/div>\n\n\n\n\n<div style=\"height:86px\" aria-hidden=\"true\" class=\"wp-block-spacer\"><\/div>\n\n\n\n<div class=\"wp-block-group alignfull has-background\" style=\"background-color:#ffffff\"><div class=\"wp-block-group__inner-container\">\n<div class=\"wp-block-group has-background\" style=\"background-color:#f7f7f7\"><div class=\"wp-block-group__inner-container\">\n<h2 class=\"has-text-align-center\">Avez-vous des questions ?<\/h2>\n\n\n\n<p class=\"has-text-align-center\">Vous pouvez nous contacter via ce bouton ou par message priv\u00e9 sur nos r\u00e9seaux sociaux.<\/p>\n\n\n\n<div class=\"wp-block-button aligncenter\"><a class=\"wp-block-button__link\" href=\"http:\/\/vulg-art.com\/\">S&rsquo;informer<\/a><\/div>\n\n\n\n<p><\/p>\n<\/div><\/div>\n<\/div><\/div>\n\n\n\n<p><\/p>\n","protected":false},"excerpt":{"rendered":"<p>La premi\u00e8re destination pour retrouver de la vulgarisation artistique et culturelle ! [&hellip;]<\/p>\n","protected":false},"author":1,"featured_media":0,"parent":0,"menu_order":0,"comment_status":"closed","ping_status":"closed","template":"page-templates\/page_fullwidth.php","meta":{"spay_email":""},"jetpack-related-posts":[{"id":22,"url":"https:\/\/vulg-art.com\/index.php\/a-propos-de\/","url_meta":{"origin":21,"position":0},"title":"Voici la petite histoire de Vulg&rsquo;Art Association","date":"18 janvier 2022","format":false,"excerpt":"Commen\u00e7ons par les pr\u00e9mices avec l'id\u00e9e qui a \u00e9merg\u00e9 pour cr\u00e9er cette association. En premier lieu, c'est en travaillant comme gardien de mus\u00e9e que nous avons l'envie de cr\u00e9er des memes avec les \u0153uvres que nous surveillions. La grande vague de Kanagawa Ces petits montages ont fait bonne impression dans\u2026","rel":"","context":"Article similaire","img":{"alt_text":"","src":"https:\/\/i0.wp.com\/vulg-art.com\/wp-content\/uploads\/2022\/01\/the-creation-of-adam-4889767_960_720.jpg?fit=960%2C492&ssl=1&resize=350%2C200","width":350,"height":200},"classes":[]}],"_links":{"self":[{"href":"https:\/\/vulg-art.com\/index.php\/wp-json\/wp\/v2\/pages\/21"}],"collection":[{"href":"https:\/\/vulg-art.com\/index.php\/wp-json\/wp\/v2\/pages"}],"about":[{"href":"https:\/\/vulg-art.com\/index.php\/wp-json\/wp\/v2\/types\/page"}],"author":[{"embeddable":true,"href":"https:\/\/vulg-art.com\/index.php\/wp-json\/wp\/v2\/users\/1"}],"replies":[{"embeddable":true,"href":"https:\/\/vulg-art.com\/index.php\/wp-json\/wp\/v2\/comments?post=21"}],"version-history":[{"count":106,"href":"https:\/\/vulg-art.com\/index.php\/wp-json\/wp\/v2\/pages\/21\/revisions"}],"predecessor-version":[{"id":728,"href":"https:\/\/vulg-art.com\/index.php\/wp-json\/wp\/v2\/pages\/21\/revisions\/728"}],"wp:attachment":[{"href":"https:\/\/vulg-art.com\/index.php\/wp-json\/wp\/v2\/media?parent=21"}],"curies":[{"name":"wp","href":"https:\/\/api.w.org\/{rel}","templated":true}]}}