{"id":23,"date":"2022-01-18T22:32:05","date_gmt":"2022-01-18T21:32:05","guid":{"rendered":"http:\/\/vulg-art.com\/?page_id=23"},"modified":"2022-04-30T15:48:13","modified_gmt":"2022-04-30T13:48:13","slug":"contact","status":"publish","type":"page","link":"https:\/\/vulg-art.com\/index.php\/contact\/","title":{"rendered":"Contact"},"content":{"rendered":"\n<div class=\"wp-block-columns\">\n<div class=\"wp-block-column\" style=\"flex-basis:33.34%\"><\/div>\n\n\n\n<div class=\"wp-block-column\" style=\"flex-basis:2000px\">\n<p class=\"has-text-align-center\" style=\"font-size:25px\">Pour nous contacter, c&rsquo;est relativement simple. Il suffit de nous envoyer un message sur nos r\u00e9seaux sociaux ou de remplir ce formulaire de contact.<\/p>\n<\/div>\n\n\n\n<div class=\"wp-block-column\" style=\"flex-basis:33.33%\"><\/div>\n<\/div>\n\n\n\n<p class=\"has-text-align-center has-medium-font-size\">N&rsquo;h\u00e9sitez pas, nous n&rsquo;allons pas vous manger.<\/p>\n\n\n\n<ul class=\"wp-block-social-links aligncenter items-justified-center is-style-pill-shape\"><li class=\"wp-social-link wp-social-link-facebook wp-block-social-link\"><a href=\"https:\/\/www.facebook.com\/Vulg4rt\" aria-label=\"Facebook\u00a0: https:\/\/www.facebook.com\/Vulg4rt\"  class=\"wp-block-social-link-anchor\"> <svg width=\"24\" height=\"24\" viewBox=\"0 0 24 24\" version=\"1.1\" xmlns=\"http:\/\/www.w3.org\/2000\/svg\" role=\"img\" aria-hidden=\"true\" focusable=\"false\"><path d=\"M12 2C6.5 2 2 6.5 2 12c0 5 3.7 9.1 8.4 9.9v-7H7.9V12h2.5V9.8c0-2.5 1.5-3.9 3.8-3.9 1.1 0 2.2.2 2.2.2v2.5h-1.3c-1.2 0-1.6.8-1.6 1.6V12h2.8l-.4 2.9h-2.3v7C18.3 21.1 22 17 22 12c0-5.5-4.5-10-10-10z\"><\/path><\/svg><\/a><\/li>\n\n<li class=\"wp-social-link wp-social-link-instagram wp-block-social-link\"><a href=\"https:\/\/www.instagram.com\/vulgart_officiel\/\" aria-label=\"Instagram\u00a0: https:\/\/www.instagram.com\/vulgart_officiel\/\"  class=\"wp-block-social-link-anchor\"> <svg width=\"24\" height=\"24\" viewBox=\"0 0 24 24\" version=\"1.1\" xmlns=\"http:\/\/www.w3.org\/2000\/svg\" role=\"img\" aria-hidden=\"true\" focusable=\"false\"><path d=\"M12,4.622c2.403,0,2.688,0.009,3.637,0.052c0.877,0.04,1.354,0.187,1.671,0.31c0.42,0.163,0.72,0.358,1.035,0.673 c0.315,0.315,0.51,0.615,0.673,1.035c0.123,0.317,0.27,0.794,0.31,1.671c0.043,0.949,0.052,1.234,0.052,3.637 s-0.009,2.688-0.052,3.637c-0.04,0.877-0.187,1.354-0.31,1.671c-0.163,0.42-0.358,0.72-0.673,1.035 c-0.315,0.315-0.615,0.51-1.035,0.673c-0.317,0.123-0.794,0.27-1.671,0.31c-0.949,0.043-1.233,0.052-3.637,0.052 s-2.688-0.009-3.637-0.052c-0.877-0.04-1.354-0.187-1.671-0.31c-0.42-0.163-0.72-0.358-1.035-0.673 c-0.315-0.315-0.51-0.615-0.673-1.035c-0.123-0.317-0.27-0.794-0.31-1.671C4.631,14.688,4.622,14.403,4.622,12 s0.009-2.688,0.052-3.637c0.04-0.877,0.187-1.354,0.31-1.671c0.163-0.42,0.358-0.72,0.673-1.035 c0.315-0.315,0.615-0.51,1.035-0.673c0.317-0.123,0.794-0.27,1.671-0.31C9.312,4.631,9.597,4.622,12,4.622 M12,3 C9.556,3,9.249,3.01,8.289,3.054C7.331,3.098,6.677,3.25,6.105,3.472C5.513,3.702,5.011,4.01,4.511,4.511 c-0.5,0.5-0.808,1.002-1.038,1.594C3.25,6.677,3.098,7.331,3.054,8.289C3.01,9.249,3,9.556,3,12c0,2.444,0.01,2.751,0.054,3.711 c0.044,0.958,0.196,1.612,0.418,2.185c0.23,0.592,0.538,1.094,1.038,1.594c0.5,0.5,1.002,0.808,1.594,1.038 c0.572,0.222,1.227,0.375,2.185,0.418C9.249,20.99,9.556,21,12,21s2.751-0.01,3.711-0.054c0.958-0.044,1.612-0.196,2.185-0.418 c0.592-0.23,1.094-0.538,1.594-1.038c0.5-0.5,0.808-1.002,1.038-1.594c0.222-0.572,0.375-1.227,0.418-2.185 C20.99,14.751,21,14.444,21,12s-0.01-2.751-0.054-3.711c-0.044-0.958-0.196-1.612-0.418-2.185c-0.23-0.592-0.538-1.094-1.038-1.594 c-0.5-0.5-1.002-0.808-1.594-1.038c-0.572-0.222-1.227-0.375-2.185-0.418C14.751,3.01,14.444,3,12,3L12,3z M12,7.378 c-2.552,0-4.622,2.069-4.622,4.622S9.448,16.622,12,16.622s4.622-2.069,4.622-4.622S14.552,7.378,12,7.378z M12,15 c-1.657,0-3-1.343-3-3s1.343-3,3-3s3,1.343,3,3S13.657,15,12,15z M16.804,6.116c-0.596,0-1.08,0.484-1.08,1.08 s0.484,1.08,1.08,1.08c0.596,0,1.08-0.484,1.08-1.08S17.401,6.116,16.804,6.116z\"><\/path><\/svg><\/a><\/li>\n\n<li class=\"wp-social-link wp-social-link-twitter wp-block-social-link\"><a href=\"https:\/\/www.instagram.com\/vulgart_officiel\/\" aria-label=\"Twitter\u00a0: https:\/\/www.instagram.com\/vulgart_officiel\/\"  class=\"wp-block-social-link-anchor\"> <svg width=\"24\" height=\"24\" viewBox=\"0 0 24 24\" version=\"1.1\" xmlns=\"http:\/\/www.w3.org\/2000\/svg\" role=\"img\" aria-hidden=\"true\" focusable=\"false\"><path d=\"M22.23,5.924c-0.736,0.326-1.527,0.547-2.357,0.646c0.847-0.508,1.498-1.312,1.804-2.27 c-0.793,0.47-1.671,0.812-2.606,0.996C18.324,4.498,17.257,4,16.077,4c-2.266,0-4.103,1.837-4.103,4.103 c0,0.322,0.036,0.635,0.106,0.935C8.67,8.867,5.647,7.234,3.623,4.751C3.27,5.357,3.067,6.062,3.067,6.814 c0,1.424,0.724,2.679,1.825,3.415c-0.673-0.021-1.305-0.206-1.859-0.513c0,0.017,0,0.034,0,0.052c0,1.988,1.414,3.647,3.292,4.023 c-0.344,0.094-0.707,0.144-1.081,0.144c-0.264,0-0.521-0.026-0.772-0.074c0.522,1.63,2.038,2.816,3.833,2.85 c-1.404,1.1-3.174,1.756-5.096,1.756c-0.331,0-0.658-0.019-0.979-0.057c1.816,1.164,3.973,1.843,6.29,1.843 c7.547,0,11.675-6.252,11.675-11.675c0-0.178-0.004-0.355-0.012-0.531C20.985,7.47,21.68,6.747,22.23,5.924z\"><\/path><\/svg><\/a><\/li>\n\n<li class=\"wp-social-link wp-social-link-mail wp-block-social-link\"><a href=\"http:\/\/vulgart.drive@gmail.com\" aria-label=\"Mail\u00a0: vulgart.drive@gmail.com\"  class=\"wp-block-social-link-anchor\"> <svg width=\"24\" height=\"24\" viewBox=\"0 0 24 24\" version=\"1.1\" xmlns=\"http:\/\/www.w3.org\/2000\/svg\" role=\"img\" aria-hidden=\"true\" focusable=\"false\"><path d=\"M20,4H4C2.895,4,2,4.895,2,6v12c0,1.105,0.895,2,2,2h16c1.105,0,2-0.895,2-2V6C22,4.895,21.105,4,20,4z M20,8.236l-8,4.882 L4,8.236V6h16V8.236z\"><\/path><\/svg><\/a><\/li><\/ul>\n\n\n\n<div class=\"wp-block-buttons is-content-justification-center\"><\/div>\n\n\n\n<div style=\"height:40px\" aria-hidden=\"true\" class=\"wp-block-spacer\"><\/div>\n\n\n\n<hr class=\"wp-block-separator has-text-color has-background has-black-background-color has-black-color is-style-dots\"\/>\n\n\n\n<h2>Pour nous contacter :<\/h2>\n\n\n<link rel=\"stylesheet\" property=\"stylesheet\" href=\"https:\/\/vulg-art.com\/wp-content\/plugins\/happyforms\/core\/assets\/css\/color.css?ver=1.13.12\" \/><link rel=\"stylesheet\" property=\"stylesheet\" href=\"https:\/\/vulg-art.com\/wp-content\/plugins\/happyforms\/core\/assets\/css\/layout.css?ver=1.13.12\" \/>\t<!-- HappyForms CSS variables -->\n\t<style>\n\t#happyforms-61 {\n\t\t--happyforms-form-title-font-size: 32px;\n--happyforms-part-title-font-size: 16px;\n--happyforms-part-description-font-size: 12px;\n--happyforms-part-value-font-size: 16px;\n--happyforms-submit-button-font-size: 17px;\n--happyforms-color-primary: #000000;\n--happyforms-color-success-notice: #ebf9f0;\n--happyforms-color-success-notice-text: #1eb452;\n--happyforms-color-error: #f23000;\n--happyforms-color-error-notice: #ffeeea;\n--happyforms-color-error-notice-text: #f23000;\n--happyforms-color-part-title: #000000;\n--happyforms-color-part-value: #000000;\n--happyforms-color-part-placeholder: #888888;\n--happyforms-color-part-description: #454545;\n--happyforms-color-part-border: #dbdbdb;\n--happyforms-color-part-border-focus: #7aa4ff;\n--happyforms-color-part-background: #ffffff;\n--happyforms-color-part-background-focus: #ffffff;\n--happyforms-color-submit-background: #000000;\n--happyforms-color-submit-background-hover: #000000;\n--happyforms-color-submit-border: transparent;\n--happyforms-color-submit-text: #ffffff;\n--happyforms-color-submit-text-hover: #ffffff;\n--happyforms-color-rating: #cccccc;\n--happyforms-color-rating-hover: #000000;\n--happyforms-color-table-row-odd: #fcfcfc;\n--happyforms-color-table-row-even: #efefef;\n--happyforms-color-table-row-odd-text: #000000;\n--happyforms-color-table-row-even-text: #000000;\n--happyforms-color-divider-hr: #cccccc;\n--happyforms-color-choice-checkmark-bg: #ffffff;\n--happyforms-color-choice-checkmark-bg-focus: #000000;\n--happyforms-color-choice-checkmark-color: #ffffff;\n--happyforms-color-dropdown-item-bg: #ffffff;\n--happyforms-color-dropdown-item-text: #000000;\n--happyforms-color-dropdown-item-bg-hover: #f4f4f5;\n--happyforms-color-dropdown-item-text-hover: #000000;\n\t}\n\t<\/style>\n\t<!-- End of HappyForms CSS variables -->\n\t\t<!-- HappyForms Additional CSS -->\n\t<style data-happyforms-additional-css>\n\t\t<\/style>\n\t<!-- End of HappyForms Additional CSS -->\n\t\t\t<link rel=\"stylesheet\" type=\"text\/css\" href=\"https:\/\/vulg-art.com\/wp-content\/plugins\/happyforms\/core\/assets\/css\/no-interaction.css\">\n\t\t<div class=\"happyforms-form happyforms-styles happyforms-form--part-title-font-weight-bold happyforms-form--submit-button-bold\" id=\"happyforms-61\">\n\t\t\n\t<form action=\"\" id=\"happyforms-form-61\" method=\"post\" novalidate=\"true\" autocomplete=\"off\">\n\t\t\n\t\t\t<input type=\"hidden\" name=\"action\" value=\"happyforms_message\">\n\t\t\t\t<input type=\"hidden\" name=\"happyforms_form_id\" value=\"61\" \/>\n\t\t\t<input type=\"hidden\" id=\"happyforms_message_nonce\" name=\"happyforms_message_nonce\" value=\"363245736e\" \/><input type=\"hidden\" name=\"_wp_http_referer\" value=\"\/index.php\/wp-json\/wp\/v2\/pages\/23\" \/>\t\t\t<input type=\"hidden\" name=\"happyforms_step\" value=\"0\" \/>\n\t\n\t\t<div class=\"happyforms-flex\">\n\t\t\t\t<input type=\"text\" name=\"61-multi_line_text\" style=\"position:absolute;left:-5000px;\" tabindex=\"-1\" autocomplete=\"off\"> <span class=\"screen-reader-text\">Leave this field blank<\/span>\n\t\t\t\t\t\t\t\t\t\t<div class=\"happyforms-form__part happyforms-part happyforms-part--single_line_text happyforms-part--width-full happyforms-part--label-show\" id=\"happyforms-61_single_line_text_0-part\" data-happyforms-type=\"single_line_text\" data-happyforms-id=\"single_line_text_0\" data-happyforms-required=\"\">\n\t<div class=\"happyforms-part-wrap\">\n\t\t\n\t\t\t\t\t\t<div class=\"happyforms-part__label-container\">\n\t\t\t\t<label for=\"happyforms-61_single_line_text_0\" class=\"happyforms-part__label\">\n\t\t\t<span class=\"label\">Nom Pr\u00e9nom<\/span>\n\t\t\t\t\t\t\t\t\t\t<span class=\"happyforms-required\"><\/span>\n\t\t\t\t\t\t\t\t\t\t<span class=\"happyforms-optional\">(optionnel)<\/span>\n\t\t\t\t\t\t\t\t<\/label>\n\t\t\t<\/div>\n\t\t\t\n\t\t\t\t\t\t\t\n\t\t<div class=\"happyforms-part__el\">\n\t\t\t\n\t\t\t\n\t\t\t<div class=\"happyforms-input\">\n\t\t\t\t\n\t\t\t\t<input id=\"happyforms-61_single_line_text_0\" type=\"text\" name=\"61_single_line_text_0\" value=\"\" placeholder=\"\" autocomplete=\"off\" spellcheck=\"false\"  autocorrect=\"off\" \/>\n\t\t\t\t\t\t\t<\/div>\n\n\t\t\t\n\t\t\t\n\t\t\t\t\t<\/div>\n\t<\/div>\n<\/div>\n<div class=\"happyforms-part--with-autocomplete happyforms-form__part happyforms-part happyforms-part--email happyforms-part--width-half happyforms-part--label-show\" id=\"happyforms-61_email_1-part\" data-happyforms-type=\"email\" data-happyforms-id=\"email_1\" data-happyforms-required=\"\">\n\t\t<div class=\"happyforms-part-wrap\">\n\t\t\t\t\t\t<div class=\"happyforms-part__label-container\">\n\t\t\t\t<label for=\"happyforms-61_email_1\" class=\"happyforms-part__label\">\n\t\t\t<span class=\"label\">Mail<\/span>\n\t\t\t\t\t\t\t\t\t\t<span class=\"happyforms-required\"><\/span>\n\t\t\t\t\t\t\t\t\t\t<span class=\"happyforms-optional\">(optionnel)<\/span>\n\t\t\t\t\t\t\t\t<\/label>\n\t\t\t<\/div>\n\t\t\t\n\t\t\t\t\t\t\t\n\t\t<div class=\"happyforms-part__el\">\n\t\t\t\n\t\t\t\n\t\t\t<div class=\"happyforms-input\">\n\t\t\t\t<input type=\"email\" name=\"61_email_1\" id=\"happyforms-61_email_1\" value=\"\" placeholder=\"\" autocomplete=\"off\" spellcheck=\"false\"  autocorrect=\"off\" \/>\n\t\t\t\t\t\t\t<\/div>\n\n\t\t\t\n\t\t\t\n\t\t\t\t\t<\/div>\n\t<\/div>\n<\/div>\n<div class=\"happyforms-form__part happyforms-part happyforms-part--single_line_text happyforms-part--width-half happyforms-part--label-show\" id=\"happyforms-61_single_line_text_3-part\" data-happyforms-type=\"single_line_text\" data-happyforms-id=\"single_line_text_3\">\n\t<div class=\"happyforms-part-wrap\">\n\t\t\n\t\t\t\t\t\t<div class=\"happyforms-part__label-container\">\n\t\t\t\t<label for=\"happyforms-61_single_line_text_3\" class=\"happyforms-part__label\">\n\t\t\t<span class=\"label\">Nom de projet ou organisme<\/span>\n\t\t\t\t\t\t\t\t\t\t<span class=\"happyforms-required\"><\/span>\n\t\t\t\t\t\t\t\t\t\t<span class=\"happyforms-optional\">(optionnel)<\/span>\n\t\t\t\t\t\t\t\t<\/label>\n\t\t\t<\/div>\n\t\t\t\n\t\t\t\t\t\t\t\n\t\t<div class=\"happyforms-part__el\">\n\t\t\t\n\t\t\t\n\t\t\t<div class=\"happyforms-input\">\n\t\t\t\t\n\t\t\t\t<input id=\"happyforms-61_single_line_text_3\" type=\"text\" name=\"61_single_line_text_3\" value=\"\" placeholder=\"\" autocomplete=\"off\" spellcheck=\"false\"  autocorrect=\"off\" \/>\n\t\t\t\t\t\t\t<\/div>\n\n\t\t\t\n\t\t\t\n\t\t\t\t\t<\/div>\n\t<\/div>\n<\/div>\n<div class=\"happyforms-part-select--required happyforms-form__part happyforms-part happyforms-part--select happyforms-part--width-half happyforms-part--label-show\" id=\"happyforms-61_select_4-part\" data-happyforms-type=\"select\" data-happyforms-id=\"select_4\" data-happyforms-required=\"\">\n\t<div class=\"happyforms-part-wrap\">\n\t\t\t<div class=\"happyforms-part__label-container\">\n\t\t\t\t<label for=\"happyforms-61_select_4\" class=\"happyforms-part__label\">\n\t\t\t<span class=\"label\">R\u00e9gion de r\u00e9sidence<\/span>\n\t\t\t\t\t\t\t\t\t\t<span class=\"happyforms-required\"><\/span>\n\t\t\t\t\t\t\t\t\t\t<span class=\"happyforms-optional\">(optionnel)<\/span>\n\t\t\t\t\t\t\t\t<\/label>\n\t\t\t<\/div>\n\t\n\t\t\t\t\t\t\t\n\t\t\n\t\t<div class=\"happyforms-part__el\">\n\t\t\t\t\t\t<div class=\"happyforms-custom-select\">\n\t\t\t\t<div class=\"happyforms-part__select-wrap\">\n\t\t\t\t\t<input type=\"hidden\" name=\"61_select_4\" value=\"\" data-serialize \/>\n\n\t\t\t\t\t<input id=\"happyforms-61_select_4\" type=\"text\" value=\"\" placeholder=\"Veuillez choisir dans cette liste\" data-searchable=\"true\" autocomplete=\"off\" autocomplete=\"off\" spellcheck=\"false\" \/>\n\n\t\t\t\t\t\t\t\t\t\t<ul class=\"happyforms-custom-select-dropdown\">\n\t<li class=\"happyforms-custom-select-dropdown__placeholder\" data-value=\"\" data-label=\"\">Veuillez choisir dans cette liste<\/li>\n\t\t\t<li data-option-id=\"select_4_0\" data-value=\"0\" data-label=\"Auvergne-Rh\u00f4ne-Alpes\" class=\"happyforms-dropdown-item happyforms-custom-select-dropdown__item\">Auvergne-Rh\u00f4ne-Alpes <\/li>\n\t\t\t<li data-option-id=\"select_4_1\" data-value=\"1\" data-label=\"Bourgogne-Franche-Compt\u00e9\" class=\"happyforms-dropdown-item happyforms-custom-select-dropdown__item\">Bourgogne-Franche-Compt\u00e9 <\/li>\n\t\t\t<li data-option-id=\"select_4_2\" data-value=\"2\" data-label=\"Bretagne\" class=\"happyforms-dropdown-item happyforms-custom-select-dropdown__item\">Bretagne <\/li>\n\t\t\t<li data-option-id=\"select_4_3\" data-value=\"3\" data-label=\"Centre-Val de Loire\" class=\"happyforms-dropdown-item happyforms-custom-select-dropdown__item\">Centre-Val de Loire <\/li>\n\t\t\t<li data-option-id=\"select_4_4\" data-value=\"4\" data-label=\"Corse\" class=\"happyforms-dropdown-item happyforms-custom-select-dropdown__item\">Corse <\/li>\n\t\t\t<li data-option-id=\"select_4_5\" data-value=\"5\" data-label=\"Grand Est\" class=\"happyforms-dropdown-item happyforms-custom-select-dropdown__item\">Grand Est <\/li>\n\t\t\t<li data-option-id=\"select_4_6\" data-value=\"6\" data-label=\"Haut-de-France\" class=\"happyforms-dropdown-item happyforms-custom-select-dropdown__item\">Haut-de-France <\/li>\n\t\t\t<li data-option-id=\"select_4_7\" data-value=\"7\" data-label=\"\u00cele-de-France\" class=\"happyforms-dropdown-item happyforms-custom-select-dropdown__item\">\u00cele-de-France <\/li>\n\t\t\t<li data-option-id=\"select_4_8\" data-value=\"8\" data-label=\"Normandie\" class=\"happyforms-dropdown-item happyforms-custom-select-dropdown__item\">Normandie <\/li>\n\t\t\t<li data-option-id=\"select_4_option_1643383542910\" data-value=\"9\" data-label=\"Nouvelle-Aquitaine\" class=\"happyforms-dropdown-item happyforms-custom-select-dropdown__item\">Nouvelle-Aquitaine <\/li>\n\t\t\t<li data-option-id=\"select_4_option_1643383544554\" data-value=\"10\" data-label=\"Occitanie\" class=\"happyforms-dropdown-item happyforms-custom-select-dropdown__item\">Occitanie <\/li>\n\t\t\t<li data-option-id=\"select_4_option_1643383559722\" data-value=\"11\" data-label=\"Pays de la Loire\" class=\"happyforms-dropdown-item happyforms-custom-select-dropdown__item\">Pays de la Loire <\/li>\n\t\t\t<li data-option-id=\"select_4_option_1643383561160\" data-value=\"12\" data-label=\"Provence-Alpes-C\u00f4te d&#039;Azur\" class=\"happyforms-dropdown-item happyforms-custom-select-dropdown__item\">Provence-Alpes-C\u00f4te d&#039;Azur <\/li>\n\t\t\t<li data-option-id=\"select_4_option_1643383592227\" data-value=\"13\" data-label=\"Guadeloupe\" class=\"happyforms-dropdown-item happyforms-custom-select-dropdown__item\">Guadeloupe <\/li>\n\t\t\t<li data-option-id=\"select_4_option_1643383593203\" data-value=\"14\" data-label=\"Martinique\" class=\"happyforms-dropdown-item happyforms-custom-select-dropdown__item\">Martinique <\/li>\n\t\t\t<li data-option-id=\"select_4_option_1643383594077\" data-value=\"15\" data-label=\"Guyane\" class=\"happyforms-dropdown-item happyforms-custom-select-dropdown__item\">Guyane <\/li>\n\t\t\t<li data-option-id=\"select_4_option_1643383594911\" data-value=\"16\" data-label=\"La R\u00e9union\" class=\"happyforms-dropdown-item happyforms-custom-select-dropdown__item\">La R\u00e9union <\/li>\n\t\t\t<li data-option-id=\"select_4_option_1643383821719\" data-value=\"17\" data-label=\"Mayotte\" class=\"happyforms-dropdown-item happyforms-custom-select-dropdown__item\">Mayotte <\/li>\n\t\t\t<li data-option-id=\"select_4_option_1643383829067\" data-value=\"18\" data-label=\"Autre\" class=\"happyforms-dropdown-item happyforms-custom-select-dropdown__item\">Autre <\/li>\n\t \t\t\t<li class=\"happyforms-custom-select-dropdown__not-found\">Nous n&#039;avons rien trouv\u00e9<\/li>\n\t<\/ul>\n\t\t\t\t<\/div>\n\t\t\t<\/div>\n\n\t\t\t\n\t\t\t\n\t\t<\/div>\n\t<\/div>\n<\/div>\n<div class=\"happyforms-form__part happyforms-part happyforms-part--number happyforms-part--width-half happyforms-part--label-show\" id=\"happyforms-61_number_9-part\" data-happyforms-type=\"number\" data-happyforms-id=\"number_9\">\n\t<div class=\"happyforms-part-wrap\">\n\t\t\n\t\t\t\t\t\t<div class=\"happyforms-part__label-container\">\n\t\t\t\t<label for=\"happyforms-61_number_9\" class=\"happyforms-part__label\">\n\t\t\t<span class=\"label\">Num\u00e9ro de t\u00e9l\u00e9phone<\/span>\n\t\t\t\t\t\t\t\t\t\t<span class=\"happyforms-required\"><\/span>\n\t\t\t\t\t\t\t\t\t\t<span class=\"happyforms-optional\">(optionnel)<\/span>\n\t\t\t\t\t\t\t\t<\/label>\n\t\t\t<\/div>\n\t\t\t\n\t\t\t\t\t\t\t\n\t\t<div class=\"happyforms-part__el\">\n\t\t\t\n\t\t\t\n\t\t\t<div class=\"happyforms-input\">\n\t\t\t\t\t\t\t\t<input id=\"happyforms-61_number_9\" type=\"number\" value=\"\" name=\"61_number_9\" placeholder=\"00 00 00 00 00\" min=\"0\" max=\"1000000000\" autocomplete=\"off\" spellcheck=\"false\" \/>\n\t\t\t\t\t\t\t<\/div>\n\n\t\t\t\n\t\t\t\n\t\t\t\t\t<\/div>\n\t<\/div>\n<\/div>\n<div class=\"happyforms-form__part happyforms-part happyforms-part--multi_line_text happyforms-part--width-full happyforms-part--label-show\" id=\"happyforms-61_multi_line_text_5-part\" data-happyforms-type=\"multi_line_text\" data-happyforms-id=\"multi_line_text_5\" data-happyforms-required=\"\">\n\t<div class=\"happyforms-part-wrap\">\n\t\t\t\t\t\t<div class=\"happyforms-part__label-container\">\n\t\t\t\t<label for=\"happyforms-61_multi_line_text_5\" class=\"happyforms-part__label\">\n\t\t\t<span class=\"label\">Votre message<\/span>\n\t\t\t\t\t\t\t\t\t\t<span class=\"happyforms-required\"><\/span>\n\t\t\t\t\t\t\t\t\t\t<span class=\"happyforms-optional\">(optionnel)<\/span>\n\t\t\t\t\t\t\t\t<\/label>\n\t\t\t<\/div>\n\t\t\t\n\t\t\t\t\t\t\t\n\t\t<div class=\"happyforms-part__el\">\n\t\t\t\n\t\t\t\t\t\t\t\t\t<textarea id=\"happyforms-61_multi_line_text_5\" name=\"61_multi_line_text_5\" rows=\"5\" placeholder=\"\" autocomplete=\"off\" spellcheck=\"false\" autocorrect=\"off\" ><\/textarea>\n\t\t\t\n\t\t\t\n\t\t\t\n\t\t\t\t\t<\/div>\n\t<\/div>\n<\/div>\n\t\t\t\t\t\t<div class=\"happyforms-form__part happyforms-part happyforms-part--submit\">\n\t\t<input type=\"submit\" class=\"happyforms-submit happyforms-button--submit \" value=\"Envoyer\">\n\t<\/div>\t\t<\/div>\n\n\t\t\t<\/form>\n\n\t<\/div>\n\n\n\n<hr class=\"wp-block-separator is-style-dots\"\/>\n\n\n\n<h2 class=\"has-vivid-red-color has-text-color\">Pour nous rejoindre :<\/h2>\n\n\n<div class=\"wp-block-jetpack-contact-form\"><a href=\"https:\/\/vulg-art.com\/index.php\/contact\/\" target=\"_blank\" rel=\"noopener noreferrer\">Soumettre un formulaire.<\/a><\/div>","protected":false},"excerpt":{"rendered":"<p>Pour nous contacter, c&rsquo;est relativement simple. Il suffit de nous envoyer un [&hellip;]<\/p>\n","protected":false},"author":1,"featured_media":72,"parent":0,"menu_order":0,"comment_status":"closed","ping_status":"closed","template":"elementor_header_footer","meta":{"spay_email":""},"jetpack-related-posts":[{"id":353,"url":"https:\/\/vulg-art.com\/index.php\/rejoins-nous-2\/","url_meta":{"origin":23,"position":0},"title":"Rejoins-nous !","date":"28 f\u00e9vrier 2022","format":false,"excerpt":"Nous sommes encore entrain de travailler sur cette page. Veuillez nous contacter via la page contact. Contact","rel":"","context":"Article similaire","img":{"alt_text":"","src":"https:\/\/i0.wp.com\/vulg-art.com\/wp-content\/uploads\/2022\/02\/Desert.jpg?fit=1024%2C768&ssl=1&resize=350%2C200","width":350,"height":200},"classes":[]},{"id":21,"url":"https:\/\/vulg-art.com\/","url_meta":{"origin":23,"position":1},"title":"La premi\u00e8re destination pour retrouver\u2026","date":"18 janvier 2022","format":false,"excerpt":"La premi\u00e8re destination pour retrouver de la vulgarisation artistique et culturelle ! Qui sommes-nous ? Le projet Vulg'Art a pour objectif de promouvoir l'art et la culture au plus grand nombre et\u00a0 avec plusieurs biais. Nous avons \u00e0 c\u0153ur de d\u00e9mystifier le monde de la culture aupr\u00e8s de publics qui\u2026","rel":"","context":"Article similaire","img":{"alt_text":"","src":"https:\/\/i0.wp.com\/vulg-art.com\/wp-content\/uploads\/2022\/05\/Logo-VulgArt-Officiel-1.png?resize=350%2C200&ssl=1","width":350,"height":200},"classes":[]},{"id":22,"url":"https:\/\/vulg-art.com\/index.php\/a-propos-de\/","url_meta":{"origin":23,"position":2},"title":"Voici la petite histoire de Vulg&rsquo;Art Association","date":"18 janvier 2022","format":false,"excerpt":"Commen\u00e7ons par les pr\u00e9mices avec l'id\u00e9e qui a \u00e9merg\u00e9 pour cr\u00e9er cette association. En premier lieu, c'est en travaillant comme gardien de mus\u00e9e que nous avons l'envie de cr\u00e9er des memes avec les \u0153uvres que nous surveillions. La grande vague de Kanagawa Ces petits montages ont fait bonne impression dans\u2026","rel":"","context":"Article similaire","img":{"alt_text":"","src":"https:\/\/i0.wp.com\/vulg-art.com\/wp-content\/uploads\/2022\/01\/the-creation-of-adam-4889767_960_720.jpg?fit=960%2C492&ssl=1&resize=350%2C200","width":350,"height":200},"classes":[]},{"id":3,"url":"https:\/\/vulg-art.com\/index.php\/politique-de-confidentialite\/","url_meta":{"origin":23,"position":3},"title":"Politique de confidentialit\u00e9","date":"18 janvier 2022","format":false,"excerpt":"Qui sommes-nous\u00a0? L\u2019adresse de notre site Web est\u00a0: http:\/\/vulg-art.com. Utilisation des donn\u00e9es personnelles collect\u00e9es Commentaires Quand vous laissez un commentaire sur notre site web, les donn\u00e9es inscrites dans le formulaire de commentaire, mais aussi votre adresse IP et l\u2019agent utilisateur de votre navigateur sont collect\u00e9s pour nous aider \u00e0 la\u2026","rel":"","context":"Article similaire","img":{"alt_text":"","src":"","width":0,"height":0},"classes":[]},{"id":206,"url":"https:\/\/vulg-art.com\/index.php\/mentions-legales\/","url_meta":{"origin":23,"position":4},"title":"Mentions l\u00e9gales","date":"4 f\u00e9vrier 2022","format":false,"excerpt":"1. Pr\u00e9sentation du site et description des services fournis. Ce site est normalement accessible \u00e0 tout moment aux utilisateurs. Une interruption pour raison de maintenance technique peut \u00eatre toutefois d\u00e9cid\u00e9e par Vulg'Art, qui s\u2019efforcera alors de communiquer pr\u00e9alablement aux utilisateurs les dates et heures de l\u2019intervention. De la m\u00eame fa\u00e7on,\u2026","rel":"","context":"Article similaire","img":{"alt_text":"","src":"","width":0,"height":0},"classes":[]}],"_links":{"self":[{"href":"https:\/\/vulg-art.com\/index.php\/wp-json\/wp\/v2\/pages\/23"}],"collection":[{"href":"https:\/\/vulg-art.com\/index.php\/wp-json\/wp\/v2\/pages"}],"about":[{"href":"https:\/\/vulg-art.com\/index.php\/wp-json\/wp\/v2\/types\/page"}],"author":[{"embeddable":true,"href":"https:\/\/vulg-art.com\/index.php\/wp-json\/wp\/v2\/users\/1"}],"replies":[{"embeddable":true,"href":"https:\/\/vulg-art.com\/index.php\/wp-json\/wp\/v2\/comments?post=23"}],"version-history":[{"count":21,"href":"https:\/\/vulg-art.com\/index.php\/wp-json\/wp\/v2\/pages\/23\/revisions"}],"predecessor-version":[{"id":598,"href":"https:\/\/vulg-art.com\/index.php\/wp-json\/wp\/v2\/pages\/23\/revisions\/598"}],"wp:featuredmedia":[{"embeddable":true,"href":"https:\/\/vulg-art.com\/index.php\/wp-json\/wp\/v2\/media\/72"}],"wp:attachment":[{"href":"https:\/\/vulg-art.com\/index.php\/wp-json\/wp\/v2\/media?parent=23"}],"curies":[{"name":"wp","href":"https:\/\/api.w.org\/{rel}","templated":true}]}}