{"id":353,"date":"2022-02-28T20:36:47","date_gmt":"2022-02-28T19:36:47","guid":{"rendered":"https:\/\/vulg-art.com\/?page_id=353"},"modified":"2022-04-30T15:42:39","modified_gmt":"2022-04-30T13:42:39","slug":"rejoins-nous-2","status":"publish","type":"page","link":"https:\/\/vulg-art.com\/index.php\/rejoins-nous-2\/","title":{"rendered":"Rejoins-nous !"},"content":{"rendered":"\n<div class=\"wp-block-image\"><figure class=\"aligncenter size-large\"><img loading=\"lazy\" width=\"1024\" height=\"493\" src=\"https:\/\/i0.wp.com\/vulg-art.com\/wp-content\/uploads\/2022\/02\/274945325_500712291396014_6460045572716981025_n-2-1024x493.png?resize=1024%2C493&#038;ssl=1\" alt=\"\" class=\"wp-image-387\" srcset=\"https:\/\/i0.wp.com\/vulg-art.com\/wp-content\/uploads\/2022\/02\/274945325_500712291396014_6460045572716981025_n-2.png?resize=1024%2C493&amp;ssl=1 1024w, https:\/\/i0.wp.com\/vulg-art.com\/wp-content\/uploads\/2022\/02\/274945325_500712291396014_6460045572716981025_n-2.png?resize=300%2C144&amp;ssl=1 300w, https:\/\/i0.wp.com\/vulg-art.com\/wp-content\/uploads\/2022\/02\/274945325_500712291396014_6460045572716981025_n-2.png?resize=768%2C370&amp;ssl=1 768w, https:\/\/i0.wp.com\/vulg-art.com\/wp-content\/uploads\/2022\/02\/274945325_500712291396014_6460045572716981025_n-2.png?resize=1536%2C740&amp;ssl=1 1536w, https:\/\/i0.wp.com\/vulg-art.com\/wp-content\/uploads\/2022\/02\/274945325_500712291396014_6460045572716981025_n-2.png?resize=1200%2C578&amp;ssl=1 1200w, https:\/\/i0.wp.com\/vulg-art.com\/wp-content\/uploads\/2022\/02\/274945325_500712291396014_6460045572716981025_n-2.png?resize=1980%2C953&amp;ssl=1 1980w, https:\/\/i0.wp.com\/vulg-art.com\/wp-content\/uploads\/2022\/02\/274945325_500712291396014_6460045572716981025_n-2.png?w=2025&amp;ssl=1 2025w\" sizes=\"(max-width: 1024px) 100vw, 1024px\" data-recalc-dims=\"1\" \/><\/figure><\/div>\n\n\n\n<p class=\"has-text-align-center\">Nous sommes encore entrain de travailler sur cette page. Veuillez nous contacter via la page contact.<\/p>\n\n\n\n<div class=\"wp-block-buttons is-content-justification-center\">\n<div class=\"wp-block-button\"><a class=\"wp-block-button__link\" href=\"https:\/\/vulg-art.com\/index.php\/contact\/\">Contact<\/a><\/div>\n<\/div>\n","protected":false},"excerpt":{"rendered":"<p>Nous sommes encore entrain de travailler sur cette page. Veuillez nous contacter [&hellip;]<\/p>\n","protected":false},"author":1,"featured_media":391,"parent":0,"menu_order":0,"comment_status":"closed","ping_status":"closed","template":"elementor_header_footer","meta":{"spay_email":""},"jetpack-related-posts":[{"id":3,"url":"https:\/\/vulg-art.com\/index.php\/politique-de-confidentialite\/","url_meta":{"origin":353,"position":0},"title":"Politique de confidentialit\u00e9","date":"18 janvier 2022","format":false,"excerpt":"Qui sommes-nous\u00a0? L\u2019adresse de notre site Web est\u00a0: http:\/\/vulg-art.com. Utilisation des donn\u00e9es personnelles collect\u00e9es Commentaires Quand vous laissez un commentaire sur notre site web, les donn\u00e9es inscrites dans le formulaire de commentaire, mais aussi votre adresse IP et l\u2019agent utilisateur de votre navigateur sont collect\u00e9s pour nous aider \u00e0 la\u2026","rel":"","context":"Article similaire","img":{"alt_text":"","src":"","width":0,"height":0},"classes":[]},{"id":22,"url":"https:\/\/vulg-art.com\/index.php\/a-propos-de\/","url_meta":{"origin":353,"position":1},"title":"Voici la petite histoire de Vulg&rsquo;Art Association","date":"18 janvier 2022","format":false,"excerpt":"Commen\u00e7ons par les pr\u00e9mices avec l'id\u00e9e qui a \u00e9merg\u00e9 pour cr\u00e9er cette association. En premier lieu, c'est en travaillant comme gardien de mus\u00e9e que nous avons l'envie de cr\u00e9er des memes avec les \u0153uvres que nous surveillions. La grande vague de Kanagawa Ces petits montages ont fait bonne impression dans\u2026","rel":"","context":"Article similaire","img":{"alt_text":"","src":"https:\/\/i0.wp.com\/vulg-art.com\/wp-content\/uploads\/2022\/01\/the-creation-of-adam-4889767_960_720.jpg?fit=960%2C492&ssl=1&resize=350%2C200","width":350,"height":200},"classes":[]},{"id":21,"url":"https:\/\/vulg-art.com\/","url_meta":{"origin":353,"position":2},"title":"La premi\u00e8re destination pour retrouver\u2026","date":"18 janvier 2022","format":false,"excerpt":"La premi\u00e8re destination pour retrouver de la vulgarisation artistique et culturelle ! Qui sommes-nous ? Le projet Vulg'Art a pour objectif de promouvoir l'art et la culture au plus grand nombre et\u00a0 avec plusieurs biais. Nous avons \u00e0 c\u0153ur de d\u00e9mystifier le monde de la culture aupr\u00e8s de publics qui\u2026","rel":"","context":"Article similaire","img":{"alt_text":"","src":"https:\/\/i0.wp.com\/vulg-art.com\/wp-content\/uploads\/2022\/05\/Logo-VulgArt-Officiel-1.png?resize=350%2C200&ssl=1","width":350,"height":200},"classes":[]},{"id":206,"url":"https:\/\/vulg-art.com\/index.php\/mentions-legales\/","url_meta":{"origin":353,"position":3},"title":"Mentions l\u00e9gales","date":"4 f\u00e9vrier 2022","format":false,"excerpt":"1. Pr\u00e9sentation du site et description des services fournis. Ce site est normalement accessible \u00e0 tout moment aux utilisateurs. Une interruption pour raison de maintenance technique peut \u00eatre toutefois d\u00e9cid\u00e9e par Vulg'Art, qui s\u2019efforcera alors de communiquer pr\u00e9alablement aux utilisateurs les dates et heures de l\u2019intervention. De la m\u00eame fa\u00e7on,\u2026","rel":"","context":"Article similaire","img":{"alt_text":"","src":"","width":0,"height":0},"classes":[]},{"id":23,"url":"https:\/\/vulg-art.com\/index.php\/contact\/","url_meta":{"origin":353,"position":4},"title":"Contact","date":"18 janvier 2022","format":false,"excerpt":"Pour nous contacter, c'est relativement simple. Il suffit de nous envoyer un message sur nos r\u00e9seaux sociaux ou de remplir ce formulaire de contact. N'h\u00e9sitez pas, nous n'allons pas vous manger. Pour nous contacter : Pour nous rejoindre :","rel":"","context":"Article similaire","img":{"alt_text":"","src":"https:\/\/i0.wp.com\/vulg-art.com\/wp-content\/uploads\/2022\/01\/1933524-scaled.jpg?fit=1200%2C617&ssl=1&resize=350%2C200","width":350,"height":200},"classes":[]},{"id":57,"url":"https:\/\/vulg-art.com\/index.php\/membres-partenaires\/","url_meta":{"origin":353,"position":5},"title":"Partenaires","date":"21 janvier 2022","format":false,"excerpt":"Voici l'ensemble des partenaires avec qui Vulg'Art a eu la chance de travailler : Groupe circassien Eklabul Ch\u00e2teau mus\u00e9e de Dieppe Mus\u00e9e de l'ivoire Yvetot Costumi\u00e8re Emma","rel":"","context":"Article similaire","img":{"alt_text":"","src":"https:\/\/i0.wp.com\/vulg-art.com\/wp-content\/uploads\/2022\/03\/Carte-de-visite-6.png?fit=1200%2C686&ssl=1&resize=350%2C200","width":350,"height":200},"classes":[]}],"_links":{"self":[{"href":"https:\/\/vulg-art.com\/index.php\/wp-json\/wp\/v2\/pages\/353"}],"collection":[{"href":"https:\/\/vulg-art.com\/index.php\/wp-json\/wp\/v2\/pages"}],"about":[{"href":"https:\/\/vulg-art.com\/index.php\/wp-json\/wp\/v2\/types\/page"}],"author":[{"embeddable":true,"href":"https:\/\/vulg-art.com\/index.php\/wp-json\/wp\/v2\/users\/1"}],"replies":[{"embeddable":true,"href":"https:\/\/vulg-art.com\/index.php\/wp-json\/wp\/v2\/comments?post=353"}],"version-history":[{"count":9,"href":"https:\/\/vulg-art.com\/index.php\/wp-json\/wp\/v2\/pages\/353\/revisions"}],"predecessor-version":[{"id":560,"href":"https:\/\/vulg-art.com\/index.php\/wp-json\/wp\/v2\/pages\/353\/revisions\/560"}],"wp:featuredmedia":[{"embeddable":true,"href":"https:\/\/vulg-art.com\/index.php\/wp-json\/wp\/v2\/media\/391"}],"wp:attachment":[{"href":"https:\/\/vulg-art.com\/index.php\/wp-json\/wp\/v2\/media?parent=353"}],"curies":[{"name":"wp","href":"https:\/\/api.w.org\/{rel}","templated":true}]}}