{"id":57,"date":"2022-01-21T16:18:51","date_gmt":"2022-01-21T15:18:51","guid":{"rendered":"http:\/\/vulg-art.com\/?page_id=57"},"modified":"2022-04-30T15:36:56","modified_gmt":"2022-04-30T13:36:56","slug":"membres-partenaires","status":"publish","type":"page","link":"https:\/\/vulg-art.com\/index.php\/membres-partenaires\/","title":{"rendered":"Partenaires"},"content":{"rendered":"\n<h4 class=\"alignwide has-text-align-center\">Voici l&rsquo;ensemble des partenaires avec qui Vulg&rsquo;Art a eu la chance de travailler :<\/h4>\n\n\n\n<div class=\"wp-block-group alignfull has-background\" style=\"background-color:#ffffff\"><div class=\"wp-block-group__inner-container\">\n<div class=\"wp-block-columns alignfull has-background\" style=\"background-color:#ffffff\">\n<div class=\"wp-block-column\">\n<div class=\"wp-block-group has-background\" style=\"background-color:#ffffff\"><div class=\"wp-block-group__inner-container\">\n<div class=\"wp-block-image\"><figure class=\"aligncenter size-large\"><a href=\"https:\/\/www.eklabul.com\" target=\"_blank\" rel=\"noopener\"><img loading=\"lazy\" width=\"1024\" height=\"286\" src=\"https:\/\/i0.wp.com\/vulg-art.com\/wp-content\/uploads\/2022\/01\/telecharge.png?resize=1024%2C286\" alt=\"\" class=\"wp-image-102\" srcset=\"https:\/\/i0.wp.com\/vulg-art.com\/wp-content\/uploads\/2022\/01\/telecharge.png?resize=1024%2C286&amp;ssl=1 1024w, https:\/\/i0.wp.com\/vulg-art.com\/wp-content\/uploads\/2022\/01\/telecharge.png?resize=300%2C84&amp;ssl=1 300w, https:\/\/i0.wp.com\/vulg-art.com\/wp-content\/uploads\/2022\/01\/telecharge.png?resize=768%2C214&amp;ssl=1 768w, https:\/\/i0.wp.com\/vulg-art.com\/wp-content\/uploads\/2022\/01\/telecharge.png?w=1135&amp;ssl=1 1135w\" sizes=\"(max-width: 1024px) 100vw, 1024px\" data-recalc-dims=\"1\" \/><\/a><\/figure><\/div>\n\n\n\n<h6 class=\"has-text-align-center\" style=\"font-size:15px\">Groupe circassien Eklabul<\/h6>\n<\/div><\/div>\n<\/div>\n\n\n\n<div class=\"wp-block-column\">\n<div class=\"wp-block-group\"><div class=\"wp-block-group__inner-container\">\n<div class=\"wp-block-image\"><figure class=\"aligncenter size-full is-resized\"><a href=\"https:\/\/www.dieppetourisme.com\/offres\/musee-de-dieppe-chateau-dieppe-fr-3027618\/\" target=\"_blank\" rel=\"noopener\"><img loading=\"lazy\" src=\"https:\/\/i0.wp.com\/vulg-art.com\/wp-content\/uploads\/2022\/01\/image_2022-01-31_103421.png?resize=110%2C110\" alt=\"\" class=\"wp-image-104\" width=\"110\" height=\"110\" srcset=\"https:\/\/i0.wp.com\/vulg-art.com\/wp-content\/uploads\/2022\/01\/image_2022-01-31_103421.png?w=512&amp;ssl=1 512w, https:\/\/i0.wp.com\/vulg-art.com\/wp-content\/uploads\/2022\/01\/image_2022-01-31_103421.png?resize=300%2C300&amp;ssl=1 300w, https:\/\/i0.wp.com\/vulg-art.com\/wp-content\/uploads\/2022\/01\/image_2022-01-31_103421.png?resize=150%2C150&amp;ssl=1 150w\" sizes=\"(max-width: 110px) 100vw, 110px\" data-recalc-dims=\"1\" \/><\/a><\/figure><\/div>\n\n\n\n<h6 class=\"has-text-align-center\" style=\"font-size:15px\">Ch\u00e2teau mus\u00e9e de Dieppe<\/h6>\n<\/div><\/div>\n<\/div>\n\n\n\n<div class=\"wp-block-column\">\n<div class=\"wp-block-group\"><div class=\"wp-block-group__inner-container\">\n<div class=\"wp-block-image\"><figure class=\"aligncenter size-full is-resized\"><a href=\"https:\/\/www.musees-normandie.fr\/musees-normandie\/musee-des-ivoires-d-yvetot\/\" target=\"_blank\" rel=\"noopener\"><img loading=\"lazy\" src=\"https:\/\/i0.wp.com\/vulg-art.com\/wp-content\/uploads\/2022\/01\/museum-ticket.png?resize=110%2C110\" alt=\"\" class=\"wp-image-107\" width=\"110\" height=\"110\" srcset=\"https:\/\/i0.wp.com\/vulg-art.com\/wp-content\/uploads\/2022\/01\/museum-ticket.png?w=512&amp;ssl=1 512w, https:\/\/i0.wp.com\/vulg-art.com\/wp-content\/uploads\/2022\/01\/museum-ticket.png?resize=300%2C300&amp;ssl=1 300w, https:\/\/i0.wp.com\/vulg-art.com\/wp-content\/uploads\/2022\/01\/museum-ticket.png?resize=150%2C150&amp;ssl=1 150w\" sizes=\"(max-width: 110px) 100vw, 110px\" data-recalc-dims=\"1\" \/><\/a><\/figure><\/div>\n\n\n\n<h6 class=\"has-text-align-center\" style=\"font-size:15px\">Mus\u00e9e de l&rsquo;ivoire Yvetot<\/h6>\n<\/div><\/div>\n<\/div>\n\n\n\n<div class=\"wp-block-column\">\n<div class=\"wp-block-group\"><div class=\"wp-block-group__inner-container\">\n<div class=\"wp-block-image\"><figure class=\"aligncenter size-full is-resized\"><img loading=\"lazy\" src=\"https:\/\/i0.wp.com\/vulg-art.com\/wp-content\/uploads\/2022\/01\/costume.png?resize=110%2C110\" alt=\"\" class=\"wp-image-112\" width=\"110\" height=\"110\" srcset=\"https:\/\/i0.wp.com\/vulg-art.com\/wp-content\/uploads\/2022\/01\/costume.png?w=512&amp;ssl=1 512w, https:\/\/i0.wp.com\/vulg-art.com\/wp-content\/uploads\/2022\/01\/costume.png?resize=300%2C300&amp;ssl=1 300w, https:\/\/i0.wp.com\/vulg-art.com\/wp-content\/uploads\/2022\/01\/costume.png?resize=150%2C150&amp;ssl=1 150w\" sizes=\"(max-width: 110px) 100vw, 110px\" data-recalc-dims=\"1\" \/><\/figure><\/div>\n\n\n\n<h6 class=\"has-text-align-center\" style=\"font-size:15px\">Costumi\u00e8re Emma<\/h6>\n<\/div><\/div>\n<\/div>\n<\/div>\n\n\n\n<div class=\"wp-block-columns alignfull has-background\" style=\"background-color:#ffffff\">\n<div class=\"wp-block-column\">\n<div class=\"wp-block-image\"><figure class=\"aligncenter size-full is-resized\"><a href=\"https:\/\/www.nicecarnaval.com\" target=\"_blank\" rel=\"noopener\"><img loading=\"lazy\" src=\"https:\/\/i0.wp.com\/vulg-art.com\/wp-content\/uploads\/2022\/02\/Fiche-perso-site-web.png?resize=189%2C189&#038;ssl=1\" alt=\"\" class=\"wp-image-285\" width=\"189\" height=\"189\" srcset=\"https:\/\/i0.wp.com\/vulg-art.com\/wp-content\/uploads\/2022\/02\/Fiche-perso-site-web.png?w=500&amp;ssl=1 500w, https:\/\/i0.wp.com\/vulg-art.com\/wp-content\/uploads\/2022\/02\/Fiche-perso-site-web.png?resize=300%2C300&amp;ssl=1 300w, https:\/\/i0.wp.com\/vulg-art.com\/wp-content\/uploads\/2022\/02\/Fiche-perso-site-web.png?resize=150%2C150&amp;ssl=1 150w\" sizes=\"(max-width: 189px) 100vw, 189px\" data-recalc-dims=\"1\" \/><\/a><\/figure><\/div>\n<\/div>\n\n\n\n<div class=\"wp-block-column\"><\/div>\n\n\n\n<div class=\"wp-block-column\"><\/div>\n\n\n\n<div class=\"wp-block-column\"><\/div>\n<\/div>\n<\/div><\/div>\n","protected":false},"excerpt":{"rendered":"<p>Voici l&rsquo;ensemble des partenaires avec qui Vulg&rsquo;Art a eu la chance de [&hellip;]<\/p>\n","protected":false},"author":1,"featured_media":412,"parent":0,"menu_order":0,"comment_status":"closed","ping_status":"closed","template":"elementor_header_footer","meta":{"spay_email":""},"jetpack-related-posts":[{"id":22,"url":"https:\/\/vulg-art.com\/index.php\/a-propos-de\/","url_meta":{"origin":57,"position":0},"title":"Voici la petite histoire de Vulg&rsquo;Art Association","date":"18 janvier 2022","format":false,"excerpt":"Commen\u00e7ons par les pr\u00e9mices avec l'id\u00e9e qui a \u00e9merg\u00e9 pour cr\u00e9er cette association. En premier lieu, c'est en travaillant comme gardien de mus\u00e9e que nous avons l'envie de cr\u00e9er des memes avec les \u0153uvres que nous surveillions. La grande vague de Kanagawa Ces petits montages ont fait bonne impression dans\u2026","rel":"","context":"Article similaire","img":{"alt_text":"","src":"https:\/\/i0.wp.com\/vulg-art.com\/wp-content\/uploads\/2022\/01\/the-creation-of-adam-4889767_960_720.jpg?fit=960%2C492&ssl=1&resize=350%2C200","width":350,"height":200},"classes":[]},{"id":206,"url":"https:\/\/vulg-art.com\/index.php\/mentions-legales\/","url_meta":{"origin":57,"position":1},"title":"Mentions l\u00e9gales","date":"4 f\u00e9vrier 2022","format":false,"excerpt":"1. Pr\u00e9sentation du site et description des services fournis. Ce site est normalement accessible \u00e0 tout moment aux utilisateurs. Une interruption pour raison de maintenance technique peut \u00eatre toutefois d\u00e9cid\u00e9e par Vulg'Art, qui s\u2019efforcera alors de communiquer pr\u00e9alablement aux utilisateurs les dates et heures de l\u2019intervention. De la m\u00eame fa\u00e7on,\u2026","rel":"","context":"Article similaire","img":{"alt_text":"","src":"","width":0,"height":0},"classes":[]},{"id":147,"url":"https:\/\/vulg-art.com\/index.php\/nos-travaux\/","url_meta":{"origin":57,"position":2},"title":"Nos travaux","date":"1 f\u00e9vrier 2022","format":false,"excerpt":"\u00c0 la d\u00e9couverte de toutes les activit\u00e9s entourant le projet associatif de Vulg'Art. Articles Des articles vari\u00e9s et riches En D\u00c9COUVRIR plus \u00c9v\u00e8nements Nos derniers \u00e9v\u00e8nements en date En D\u00c9COUVRIR plus","rel":"","context":"Article similaire","img":{"alt_text":"","src":"https:\/\/i0.wp.com\/vulg-art.com\/wp-content\/uploads\/2022\/03\/Carte-de-visite-6.png?fit=1200%2C686&ssl=1&resize=350%2C200","width":350,"height":200},"classes":[]},{"id":21,"url":"https:\/\/vulg-art.com\/","url_meta":{"origin":57,"position":3},"title":"La premi\u00e8re destination pour retrouver\u2026","date":"18 janvier 2022","format":false,"excerpt":"La premi\u00e8re destination pour retrouver de la vulgarisation artistique et culturelle ! Qui sommes-nous ? Le projet Vulg'Art a pour objectif de promouvoir l'art et la culture au plus grand nombre et\u00a0 avec plusieurs biais. Nous avons \u00e0 c\u0153ur de d\u00e9mystifier le monde de la culture aupr\u00e8s de publics qui\u2026","rel":"","context":"Article similaire","img":{"alt_text":"","src":"https:\/\/i0.wp.com\/vulg-art.com\/wp-content\/uploads\/2022\/05\/Logo-VulgArt-Officiel-1.png?resize=350%2C200&ssl=1","width":350,"height":200},"classes":[]},{"id":353,"url":"https:\/\/vulg-art.com\/index.php\/rejoins-nous-2\/","url_meta":{"origin":57,"position":4},"title":"Rejoins-nous !","date":"28 f\u00e9vrier 2022","format":false,"excerpt":"Nous sommes encore entrain de travailler sur cette page. Veuillez nous contacter via la page contact. Contact","rel":"","context":"Article similaire","img":{"alt_text":"","src":"https:\/\/i0.wp.com\/vulg-art.com\/wp-content\/uploads\/2022\/02\/Desert.jpg?fit=1024%2C768&ssl=1&resize=350%2C200","width":350,"height":200},"classes":[]},{"id":3,"url":"https:\/\/vulg-art.com\/index.php\/politique-de-confidentialite\/","url_meta":{"origin":57,"position":5},"title":"Politique de confidentialit\u00e9","date":"18 janvier 2022","format":false,"excerpt":"Qui sommes-nous\u00a0? L\u2019adresse de notre site Web est\u00a0: http:\/\/vulg-art.com. Utilisation des donn\u00e9es personnelles collect\u00e9es Commentaires Quand vous laissez un commentaire sur notre site web, les donn\u00e9es inscrites dans le formulaire de commentaire, mais aussi votre adresse IP et l\u2019agent utilisateur de votre navigateur sont collect\u00e9s pour nous aider \u00e0 la\u2026","rel":"","context":"Article similaire","img":{"alt_text":"","src":"","width":0,"height":0},"classes":[]}],"_links":{"self":[{"href":"https:\/\/vulg-art.com\/index.php\/wp-json\/wp\/v2\/pages\/57"}],"collection":[{"href":"https:\/\/vulg-art.com\/index.php\/wp-json\/wp\/v2\/pages"}],"about":[{"href":"https:\/\/vulg-art.com\/index.php\/wp-json\/wp\/v2\/types\/page"}],"author":[{"embeddable":true,"href":"https:\/\/vulg-art.com\/index.php\/wp-json\/wp\/v2\/users\/1"}],"replies":[{"embeddable":true,"href":"https:\/\/vulg-art.com\/index.php\/wp-json\/wp\/v2\/comments?post=57"}],"version-history":[{"count":47,"href":"https:\/\/vulg-art.com\/index.php\/wp-json\/wp\/v2\/pages\/57\/revisions"}],"predecessor-version":[{"id":513,"href":"https:\/\/vulg-art.com\/index.php\/wp-json\/wp\/v2\/pages\/57\/revisions\/513"}],"wp:featuredmedia":[{"embeddable":true,"href":"https:\/\/vulg-art.com\/index.php\/wp-json\/wp\/v2\/media\/412"}],"wp:attachment":[{"href":"https:\/\/vulg-art.com\/index.php\/wp-json\/wp\/v2\/media?parent=57"}],"curies":[{"name":"wp","href":"https:\/\/api.w.org\/{rel}","templated":true}]}}